{"id":691,"date":"2025-07-07T20:56:37","date_gmt":"2025-07-07T20:56:37","guid":{"rendered":"https:\/\/monapiano.com\/books\/"},"modified":"2026-02-05T12:47:24","modified_gmt":"2026-02-05T12:47:24","slug":"concert-proposals","status":"publish","type":"page","link":"https:\/\/monapiano.com\/de\/concert-proposals\/","title":{"rendered":"Konzert-Vorschl\u00e4ge"},"content":{"rendered":"<div data-elementor-type=\"wp-page\" data-elementor-id=\"691\" class=\"elementor elementor-691\">\n\t\t\t\t<div class=\"elementor-element elementor-element-46d7cb6 e-flex e-con-boxed e-con e-parent\" data-id=\"46d7cb6\" data-element_type=\"container\" data-settings=\"{&quot;background_background&quot;:&quot;classic&quot;}\">\n\t\t\t\t\t<div class=\"e-con-inner\">\n\t\t<div class=\"elementor-element elementor-element-6d94f89 e-con-full e-flex e-con e-child\" data-id=\"6d94f89\" data-element_type=\"container\" data-settings=\"{&quot;background_background&quot;:&quot;classic&quot;}\">\n\t\t\t\t<div class=\"elementor-element elementor-element-f78e0d1 elementor-widget elementor-widget-heading\" data-id=\"f78e0d1\" data-element_type=\"widget\" data-widget_type=\"heading.default\">\n\t\t\t\t\t<h1 class=\"elementor-heading-title elementor-size-default\">Kuratierte Konzerterlebnisse von MONA<\/h1>\t\t\t\t<\/div>\n\t\t\t\t<div class=\"elementor-element elementor-element-c29c2a5 elementor-widget elementor-widget-text-editor\" data-id=\"c29c2a5\" data-element_type=\"widget\" data-widget_type=\"text-editor.default\">\n\t\t\t\t\t\t\t\t\t<p data-start=\"173\" data-end=\"445\">MONA spielt ein breites Spektrum an klassischem Klavierrepertoire - von Bach bis Ravel - und lernt auf Anfrage auch gerne neue St\u00fccke. Jedes Programm wird sorgf\u00e4ltig auf den jeweiligen Anlass und das Publikum abgestimmt und verbindet zeitlose Werke mit achtsamer Pr\u00e4senz und Geschichtenerz\u00e4hlen. Von formellen Rezitalen bis hin zu intimen Wellness-Events bietet MONA musikalische Erlebnisse, die einen bleibenden emotionalen Eindruck hinterlassen.<\/p>\t\t\t\t\t\t\t\t<\/div>\n\t\t\t\t<div class=\"elementor-element elementor-element-59dc7f2 elementor-widget elementor-widget-button\" data-id=\"59dc7f2\" data-element_type=\"widget\" id=\"ideas\" data-widget_type=\"button.default\">\n\t\t\t\t\t\t\t\t\t\t<a class=\"elementor-button elementor-button-link elementor-size-sm\" href=\"#ideas\">\n\t\t\t\t\t\t<span class=\"elementor-button-content-wrapper\">\n\t\t\t\t\t\t<span class=\"elementor-button-icon\">\n\t\t\t\t\t\t\t<\/span>\n\t\t\t\t\t\t\t\t\t<span class=\"elementor-button-text\">Meine Konzertideen<\/span>\n\t\t\t\t\t<\/span>\n\t\t\t\t\t<\/a>\n\t\t\t\t\t\t\t\t<\/div>\n\t\t\t\t<\/div>\n\t\t\t\t\t<\/div>\n\t\t\t\t<\/div>\n\t\t<div class=\"elementor-element elementor-element-ee72601 e-flex e-con-boxed e-con e-parent\" data-id=\"ee72601\" data-element_type=\"container\" id=\"ideas\" data-settings=\"{&quot;background_background&quot;:&quot;classic&quot;}\">\n\t\t\t\t\t<div class=\"e-con-inner\">\n\t\t<div class=\"elementor-element elementor-element-51dbd17 e-con-full e-flex e-con e-child\" data-id=\"51dbd17\" data-element_type=\"container\">\n\t\t\t\t<div class=\"elementor-element elementor-element-5ec2f3c elementor-widget elementor-widget-image\" data-id=\"5ec2f3c\" data-element_type=\"widget\" data-widget_type=\"image.default\">\n\t\t\t\t\t\t\t\t\t\t\t\t\t\t\t<img fetchpriority=\"high\" decoding=\"async\" width=\"1414\" height=\"2000\" src=\"https:\/\/monapiano.com\/wp-content\/uploads\/2025\/07\/Flyers.png\" class=\"attachment-full size-full wp-image-1410\" alt=\"flyers\" srcset=\"https:\/\/monapiano.com\/wp-content\/uploads\/2025\/07\/Flyers.png 1414w, https:\/\/monapiano.com\/wp-content\/uploads\/2025\/07\/Flyers-212x300.png 212w, https:\/\/monapiano.com\/wp-content\/uploads\/2025\/07\/Flyers-724x1024.png 724w, https:\/\/monapiano.com\/wp-content\/uploads\/2025\/07\/Flyers-768x1086.png 768w, https:\/\/monapiano.com\/wp-content\/uploads\/2025\/07\/Flyers-1086x1536.png 1086w\" sizes=\"(max-width: 1414px) 100vw, 1414px\" title=\"Konzert-Vorschl\u00e4ge\">\t\t\t\t\t\t\t\t\t\t\t\t\t\t\t<\/div>\n\t\t\t\t<\/div>\n\t\t<div class=\"elementor-element elementor-element-c08b019 e-con-full e-flex e-con e-child\" data-id=\"c08b019\" data-element_type=\"container\">\n\t\t\t\t<div class=\"elementor-element elementor-element-eb70b6e elementor-widget elementor-widget-heading\" data-id=\"eb70b6e\" data-element_type=\"widget\" data-widget_type=\"heading.default\">\n\t\t\t\t\t<h6 class=\"elementor-heading-title elementor-size-default\">Perfekt f\u00fcr: Konzerts\u00e4le, Salons, Kulturr\u00e4ume, Kunstgalerien<\/h6>\t\t\t\t<\/div>\n\t\t\t\t<div class=\"elementor-element elementor-element-dc53f7e elementor-widget elementor-widget-heading\" data-id=\"dc53f7e\" data-element_type=\"widget\" data-widget_type=\"heading.default\">\n\t\t\t\t\t<h2 class=\"elementor-heading-title elementor-size-default\">Achtsames Klavier: Ein Konzert der Stille<\/h2>\t\t\t\t<\/div>\n\t\t\t\t<div class=\"elementor-element elementor-element-1442124 elementor-widget elementor-widget-text-editor\" data-id=\"1442124\" data-element_type=\"widget\" data-widget_type=\"text-editor.default\">\n\t\t\t\t\t\t\t\t\t<p>Klang: kontemplativ, emotional, erdend<\/p>\t\t\t\t\t\t\t\t<\/div>\n\t\t\t\t<div class=\"elementor-element elementor-element-6a38374 elementor-widget elementor-widget-text-editor\" data-id=\"6a38374\" data-element_type=\"widget\" data-widget_type=\"text-editor.default\">\n\t\t\t\t\t\t\t\t\t<p data-start=\"1245\" data-end=\"1272\"><strong data-start=\"1245\" data-end=\"1270\">Vorgeschlagenes Repertoire:<br \/><\/strong>Debussy \u2013 <em data-start=\"1348\" data-end=\"1357\">Estampes<br \/><\/em>Chopin \u2013 <em data-start=\"1371\" data-end=\"1398\">Ballades<br \/><\/em>Brahms \u2013 <em>Drei Intermezzi Op. 117<\/em><br \/>Trenet\/Weissenberg \u2013 <em>Arrangement Songs<\/em><\/p>\t\t\t\t\t\t\t\t<\/div>\n\t\t\t\t<div class=\"elementor-element elementor-element-b84e6b8 elementor-widget__width-inherit elementor-icon-list--layout-traditional elementor-list-item-link-full_width elementor-widget elementor-widget-icon-list\" data-id=\"b84e6b8\" data-element_type=\"widget\" data-widget_type=\"icon-list.default\">\n\t\t\t\t\t\t\t<ul class=\"elementor-icon-list-items\">\n\t\t\t\t\t\t\t<li class=\"elementor-icon-list-item\">\n\t\t\t\t\t\t\t\t\t\t\t<span class=\"elementor-icon-list-icon\">\n\t\t\t\t\t\t\t<svg aria-hidden=\"true\" class=\"e-font-icon-svg e-fas-circle\" viewbox=\"0 0 512 512\" xmlns=\"http:\/\/www.w3.org\/2000\/svg\"><path d=\"M256 8C119 8 8 119 8 256s111 248 248 248 248-111 248-248S393 8 256 8z\"><\/path><\/svg>\t\t\t\t\t\t<\/span>\n\t\t\t\t\t\t\t\t\t\t<span class=\"elementor-icon-list-text\">Gesprochene Erz\u00e4hlungen oder reflektierende Abschnitte<\/span>\n\t\t\t\t\t\t\t\t\t<\/li>\n\t\t\t\t\t\t\t\t<li class=\"elementor-icon-list-item\">\n\t\t\t\t\t\t\t\t\t\t\t<span class=\"elementor-icon-list-icon\">\n\t\t\t\t\t\t\t<svg aria-hidden=\"true\" class=\"e-font-icon-svg e-fas-circle\" viewbox=\"0 0 512 512\" xmlns=\"http:\/\/www.w3.org\/2000\/svg\"><path d=\"M256 8C119 8 8 119 8 256s111 248 248 248 248-111 248-248S393 8 256 8z\"><\/path><\/svg>\t\t\t\t\t\t<\/span>\n\t\t\t\t\t\t\t\t\t\t<span class=\"elementor-icon-list-text\">Repertoireanpassungen f\u00fcr Veranstaltungsthemen<\/span>\n\t\t\t\t\t\t\t\t\t<\/li>\n\t\t\t\t\t\t\t\t<li class=\"elementor-icon-list-item\">\n\t\t\t\t\t\t\t\t\t\t\t<span class=\"elementor-icon-list-icon\">\n\t\t\t\t\t\t\t<svg aria-hidden=\"true\" class=\"e-font-icon-svg e-fas-circle\" viewbox=\"0 0 512 512\" xmlns=\"http:\/\/www.w3.org\/2000\/svg\"><path d=\"M256 8C119 8 8 119 8 256s111 248 248 248 248-111 248-248S393 8 256 8z\"><\/path><\/svg>\t\t\t\t\t\t<\/span>\n\t\t\t\t\t\t\t\t\t\t<span class=\"elementor-icon-list-text\">Auf den Veranstaltungsort zugeschnittene Setl\u00e4ngen (von 30 Minuten bis hin zu kompletten Konzerten)<\/span>\n\t\t\t\t\t\t\t\t\t<\/li>\n\t\t\t\t\t\t<\/ul>\n\t\t\t\t\t\t<\/div>\n\t\t\t\t<div class=\"elementor-element elementor-element-9e732e6 elementor-widget elementor-widget-button\" data-id=\"9e732e6\" data-element_type=\"widget\" data-widget_type=\"button.default\">\n\t\t\t\t\t\t\t\t\t\t<a class=\"elementor-button elementor-button-link elementor-size-sm\" href=\"https:\/\/monapiano.com\/de\/contact\/\">\n\t\t\t\t\t\t<span class=\"elementor-button-content-wrapper\">\n\t\t\t\t\t\t\t\t\t<span class=\"elementor-button-text\">MONA jetzt buchen<\/span>\n\t\t\t\t\t<\/span>\n\t\t\t\t\t<\/a>\n\t\t\t\t\t\t\t\t<\/div>\n\t\t\t\t<\/div>\n\t\t\t\t\t<\/div>\n\t\t\t\t<\/div>\n\t\t<div class=\"elementor-element elementor-element-2f1fbf2 e-flex e-con-boxed e-con e-parent\" data-id=\"2f1fbf2\" data-element_type=\"container\" data-settings=\"{&quot;background_background&quot;:&quot;classic&quot;}\">\n\t\t\t\t\t<div class=\"e-con-inner\">\n\t\t<div class=\"elementor-element elementor-element-623ad90 e-con-full e-flex e-con e-child\" data-id=\"623ad90\" data-element_type=\"container\">\n\t\t\t\t<div class=\"elementor-element elementor-element-44e6fa6 elementor-widget elementor-widget-image\" data-id=\"44e6fa6\" data-element_type=\"widget\" data-widget_type=\"image.default\">\n\t\t\t\t\t\t\t\t\t\t\t\t\t\t\t<img decoding=\"async\" width=\"1810\" height=\"2560\" src=\"https:\/\/monapiano.com\/wp-content\/uploads\/2025\/07\/5-scaled.png\" class=\"attachment-full size-full wp-image-1407\" alt=\"5\" srcset=\"https:\/\/monapiano.com\/wp-content\/uploads\/2025\/07\/5-scaled.png 1810w, https:\/\/monapiano.com\/wp-content\/uploads\/2025\/07\/5-212x300.png 212w, https:\/\/monapiano.com\/wp-content\/uploads\/2025\/07\/5-724x1024.png 724w, https:\/\/monapiano.com\/wp-content\/uploads\/2025\/07\/5-768x1086.png 768w, https:\/\/monapiano.com\/wp-content\/uploads\/2025\/07\/5-1086x1536.png 1086w, https:\/\/monapiano.com\/wp-content\/uploads\/2025\/07\/5-1448x2048.png 1448w\" sizes=\"(max-width: 1810px) 100vw, 1810px\" title=\"Konzert-Vorschl\u00e4ge\">\t\t\t\t\t\t\t\t\t\t\t\t\t\t\t<\/div>\n\t\t\t\t<\/div>\n\t\t<div class=\"elementor-element elementor-element-497dd43 e-con-full e-flex e-con e-child\" data-id=\"497dd43\" data-element_type=\"container\">\n\t\t\t\t<div class=\"elementor-element elementor-element-914dd37 elementor-widget elementor-widget-heading\" data-id=\"914dd37\" data-element_type=\"widget\" data-widget_type=\"heading.default\">\n\t\t\t\t\t<h6 class=\"elementor-heading-title elementor-size-default\">Perfekt f\u00fcr: Hochzeitszeremonien, Empf\u00e4nge, romantische Abendessen, Heiratsantr\u00e4ge<\/h6>\t\t\t\t<\/div>\n\t\t\t\t<div class=\"elementor-element elementor-element-6002753 elementor-widget elementor-widget-heading\" data-id=\"6002753\" data-element_type=\"widget\" data-widget_type=\"heading.default\">\n\t\t\t\t\t<h2 class=\"elementor-heading-title elementor-size-default\">Romantische Eleganz<\/h2>\t\t\t\t<\/div>\n\t\t\t\t<div class=\"elementor-element elementor-element-269ff92 elementor-widget elementor-widget-text-editor\" data-id=\"269ff92\" data-element_type=\"widget\" data-widget_type=\"text-editor.default\">\n\t\t\t\t\t\t\t\t\t<p>Klang: romantisch, lyrisch, anmutig<\/p>\t\t\t\t\t\t\t\t<\/div>\n\t\t\t\t<div class=\"elementor-element elementor-element-265d58b elementor-widget elementor-widget-text-editor\" data-id=\"265d58b\" data-element_type=\"widget\" data-widget_type=\"text-editor.default\">\n\t\t\t\t\t\t\t\t\t<p data-start=\"1245\" data-end=\"1272\"><strong data-start=\"1245\" data-end=\"1270\">Vorgeschlagenes Repertoire:<br \/><\/strong>Pachelbel \u2013 <em data-start=\"1780\" data-end=\"1792\">Kanon in D Dur<br \/><\/em>Chopin \u2013 <em data-start=\"1806\" data-end=\"1832\">Nocturne in Es Dur<br \/><\/em>Liszt \u2013 <em>Liebestraum Nr. 3<\/em><br \/>Debussy \u2013 <em data-start=\"1847\" data-end=\"1862\">Clair de Lune<br \/><\/em>Yiruma \u2013 <em data-start=\"1876\" data-end=\"1896\">River Flows in You<br \/><\/em>Bach\/Gounod \u2013 <em data-start=\"1915\" data-end=\"1926\">Ave Maria<\/em><\/p>\t\t\t\t\t\t\t\t<\/div>\n\t\t\t\t<div class=\"elementor-element elementor-element-ab1684a elementor-icon-list--layout-traditional elementor-list-item-link-full_width elementor-widget elementor-widget-icon-list\" data-id=\"ab1684a\" data-element_type=\"widget\" data-widget_type=\"icon-list.default\">\n\t\t\t\t\t\t\t<ul class=\"elementor-icon-list-items\">\n\t\t\t\t\t\t\t<li class=\"elementor-icon-list-item\">\n\t\t\t\t\t\t\t\t\t\t\t<span class=\"elementor-icon-list-icon\">\n\t\t\t\t\t\t\t<svg aria-hidden=\"true\" class=\"e-font-icon-svg e-fas-circle\" viewbox=\"0 0 512 512\" xmlns=\"http:\/\/www.w3.org\/2000\/svg\"><path d=\"M256 8C119 8 8 119 8 256s111 248 248 248 248-111 248-248S393 8 256 8z\"><\/path><\/svg>\t\t\t\t\t\t<\/span>\n\t\t\t\t\t\t\t\t\t\t<span class=\"elementor-icon-list-text\">Pers\u00f6nliches Lied oder Lernen auf Anfrage verf\u00fcgbar<\/span>\n\t\t\t\t\t\t\t\t\t<\/li>\n\t\t\t\t\t\t\t\t<li class=\"elementor-icon-list-item\">\n\t\t\t\t\t\t\t\t\t\t\t<span class=\"elementor-icon-list-icon\">\n\t\t\t\t\t\t\t<svg aria-hidden=\"true\" class=\"e-font-icon-svg e-fas-circle\" viewbox=\"0 0 512 512\" xmlns=\"http:\/\/www.w3.org\/2000\/svg\"><path d=\"M256 8C119 8 8 119 8 256s111 248 248 248 248-111 248-248S393 8 256 8z\"><\/path><\/svg>\t\t\t\t\t\t<\/span>\n\t\t\t\t\t\t\t\t\t\t<span class=\"elementor-icon-list-text\">Kann solo oder mit einem S\u00e4nger\/Ensemble aufgef\u00fchrt werden<\/span>\n\t\t\t\t\t\t\t\t\t<\/li>\n\t\t\t\t\t\t<\/ul>\n\t\t\t\t\t\t<\/div>\n\t\t\t\t<div class=\"elementor-element elementor-element-ba59397 elementor-widget elementor-widget-button\" data-id=\"ba59397\" data-element_type=\"widget\" data-widget_type=\"button.default\">\n\t\t\t\t\t\t\t\t\t\t<a class=\"elementor-button elementor-button-link elementor-size-sm\" href=\"https:\/\/monapiano.com\/de\/contact\/\">\n\t\t\t\t\t\t<span class=\"elementor-button-content-wrapper\">\n\t\t\t\t\t\t\t\t\t<span class=\"elementor-button-text\">MONA jetzt buchen<\/span>\n\t\t\t\t\t<\/span>\n\t\t\t\t\t<\/a>\n\t\t\t\t\t\t\t\t<\/div>\n\t\t\t\t<\/div>\n\t\t\t\t\t<\/div>\n\t\t\t\t<\/div>\n\t\t<div class=\"elementor-element elementor-element-3ecff3f e-flex e-con-boxed e-con e-parent\" data-id=\"3ecff3f\" data-element_type=\"container\" data-settings=\"{&quot;background_background&quot;:&quot;classic&quot;}\">\n\t\t\t\t\t<div class=\"e-con-inner\">\n\t\t<div class=\"elementor-element elementor-element-5b4f04a e-con-full e-flex e-con e-child\" data-id=\"5b4f04a\" data-element_type=\"container\">\n\t\t\t\t<div class=\"elementor-element elementor-element-e035bac elementor-widget elementor-widget-image\" data-id=\"e035bac\" data-element_type=\"widget\" data-widget_type=\"image.default\">\n\t\t\t\t\t\t\t\t\t\t\t\t\t\t\t<img decoding=\"async\" width=\"1414\" height=\"2000\" src=\"https:\/\/monapiano.com\/wp-content\/uploads\/2025\/07\/Flyers-1.png\" class=\"attachment-full size-full wp-image-1408\" alt=\"flyers (1)\" srcset=\"https:\/\/monapiano.com\/wp-content\/uploads\/2025\/07\/Flyers-1.png 1414w, https:\/\/monapiano.com\/wp-content\/uploads\/2025\/07\/Flyers-1-212x300.png 212w, https:\/\/monapiano.com\/wp-content\/uploads\/2025\/07\/Flyers-1-724x1024.png 724w, https:\/\/monapiano.com\/wp-content\/uploads\/2025\/07\/Flyers-1-768x1086.png 768w, https:\/\/monapiano.com\/wp-content\/uploads\/2025\/07\/Flyers-1-1086x1536.png 1086w\" sizes=\"(max-width: 1414px) 100vw, 1414px\" title=\"Konzert-Vorschl\u00e4ge\">\t\t\t\t\t\t\t\t\t\t\t\t\t\t\t<\/div>\n\t\t\t\t<\/div>\n\t\t<div class=\"elementor-element elementor-element-6a6ad61 e-con-full e-flex e-con e-child\" data-id=\"6a6ad61\" data-element_type=\"container\">\n\t\t\t\t<div class=\"elementor-element elementor-element-2f1c19a elementor-widget elementor-widget-heading\" data-id=\"2f1c19a\" data-element_type=\"widget\" data-widget_type=\"heading.default\">\n\t\t\t\t\t<h6 class=\"elementor-heading-title elementor-size-default\">Perfekt f\u00fcr: Yogastudios, Wellness-Retreats, Spas, ruhige Lounges, Er\u00f6ffnungen, Brunches<\/h6>\t\t\t\t<\/div>\n\t\t\t\t<div class=\"elementor-element elementor-element-92ffe94 elementor-widget elementor-widget-heading\" data-id=\"92ffe94\" data-element_type=\"widget\" data-widget_type=\"heading.default\">\n\t\t\t\t\t<h2 class=\"elementor-heading-title elementor-size-default\">T\u00e4gliches achtsames Klavierspiel<\/h2>\t\t\t\t<\/div>\n\t\t\t\t<div class=\"elementor-element elementor-element-cbda463 elementor-widget elementor-widget-text-editor\" data-id=\"cbda463\" data-element_type=\"widget\" data-widget_type=\"text-editor.default\">\n\t\t\t\t\t\t\t\t\t<p>Tone: light, flowing, meditative<\/p>\t\t\t\t\t\t\t\t<\/div>\n\t\t\t\t<div class=\"elementor-element elementor-element-a184262 elementor-widget elementor-widget-text-editor\" data-id=\"a184262\" data-element_type=\"widget\" data-widget_type=\"text-editor.default\">\n\t\t\t\t\t\t\t\t\t<p data-start=\"1245\" data-end=\"1272\"><strong data-start=\"1245\" data-end=\"1270\">Vorgeschlagenes Repertoire:<br \/><\/strong>Erik Satie \u2013 <em data-start=\"1288\" data-end=\"1305\">Gymnop\u00e9die Nr. 1<br \/><\/em>Beethoven \u2013 <em>Mondscheinsonate I. Adagio sostenuto<\/em><br \/>Debussy \u2013 <em data-start=\"1348\" data-end=\"1357\">R\u00eaverie<br \/><\/em>Chopin \u2013 <em data-start=\"1371\" data-end=\"1398\">Nocturne in cis Moll<br \/><\/em>MONAs Improvisationen<\/p>\t\t\t\t\t\t\t\t<\/div>\n\t\t\t\t<div class=\"elementor-element elementor-element-aeb2a81 elementor-icon-list--layout-traditional elementor-list-item-link-full_width elementor-widget elementor-widget-icon-list\" data-id=\"aeb2a81\" data-element_type=\"widget\" data-widget_type=\"icon-list.default\">\n\t\t\t\t\t\t\t<ul class=\"elementor-icon-list-items\">\n\t\t\t\t\t\t\t<li class=\"elementor-icon-list-item\">\n\t\t\t\t\t\t\t\t\t\t\t<span class=\"elementor-icon-list-icon\">\n\t\t\t\t\t\t\t<svg aria-hidden=\"true\" class=\"e-font-icon-svg e-fas-circle\" viewbox=\"0 0 512 512\" xmlns=\"http:\/\/www.w3.org\/2000\/svg\"><path d=\"M256 8C119 8 8 119 8 256s111 248 248 248 248-111 248-248S393 8 256 8z\"><\/path><\/svg>\t\t\t\t\t\t<\/span>\n\t\t\t\t\t\t\t\t\t\t<span class=\"elementor-icon-list-text\">Gef\u00fchrte Atemarbeit oder kurze Meditation<\/span>\n\t\t\t\t\t\t\t\t\t<\/li>\n\t\t\t\t\t\t\t\t<li class=\"elementor-icon-list-item\">\n\t\t\t\t\t\t\t\t\t\t\t<span class=\"elementor-icon-list-icon\">\n\t\t\t\t\t\t\t<svg aria-hidden=\"true\" class=\"e-font-icon-svg e-fas-circle\" viewbox=\"0 0 512 512\" xmlns=\"http:\/\/www.w3.org\/2000\/svg\"><path d=\"M256 8C119 8 8 119 8 256s111 248 248 248 248-111 248-248S393 8 256 8z\"><\/path><\/svg>\t\t\t\t\t\t<\/span>\n\t\t\t\t\t\t\t\t\t\t<span class=\"elementor-icon-list-text\">Ideal als Hintergrund oder als Momentaufnahme<\/span>\n\t\t\t\t\t\t\t\t\t<\/li>\n\t\t\t\t\t\t\t\t<li class=\"elementor-icon-list-item\">\n\t\t\t\t\t\t\t\t\t\t\t<span class=\"elementor-icon-list-icon\">\n\t\t\t\t\t\t\t<svg aria-hidden=\"true\" class=\"e-font-icon-svg e-fas-circle\" viewbox=\"0 0 512 512\" xmlns=\"http:\/\/www.w3.org\/2000\/svg\"><path d=\"M256 8C119 8 8 119 8 256s111 248 248 248 248-111 248-248S393 8 256 8z\"><\/path><\/svg>\t\t\t\t\t\t<\/span>\n\t\t\t\t\t\t\t\t\t\t<span class=\"elementor-icon-list-text\">Repertoireanpassungen f\u00fcr Veranstaltungsthemen<\/span>\n\t\t\t\t\t\t\t\t\t<\/li>\n\t\t\t\t\t\t<\/ul>\n\t\t\t\t\t\t<\/div>\n\t\t\t\t<div class=\"elementor-element elementor-element-8d3be5c elementor-widget elementor-widget-button\" data-id=\"8d3be5c\" data-element_type=\"widget\" data-widget_type=\"button.default\">\n\t\t\t\t\t\t\t\t\t\t<a class=\"elementor-button elementor-button-link elementor-size-sm\" href=\"https:\/\/monapiano.com\/de\/contact\/\">\n\t\t\t\t\t\t<span class=\"elementor-button-content-wrapper\">\n\t\t\t\t\t\t\t\t\t<span class=\"elementor-button-text\">MONA jetzt buchen<\/span>\n\t\t\t\t\t<\/span>\n\t\t\t\t\t<\/a>\n\t\t\t\t\t\t\t\t<\/div>\n\t\t\t\t<\/div>\n\t\t\t\t\t<\/div>\n\t\t\t\t<\/div>\n\t\t\t\t<\/div>","protected":false},"excerpt":{"rendered":"<p>Curated Concert Experiences by MONA MONA performs a wide range of classical piano repertoire \u2014 from Bach to Ravel \u2014 and is happy to learn new pieces upon request. Each program is thoughtfully curated to suit the occasion and audience, blending timeless works with mindful presence and storytelling. From formal recitals to intimate wellness events, [&hellip;]<\/p>","protected":false},"author":1,"featured_media":0,"parent":0,"menu_order":0,"comment_status":"closed","ping_status":"closed","template":"elementor_header_footer","meta":{"site-sidebar-layout":"no-sidebar","site-content-layout":"page-builder","ast-site-content-layout":"full-width-container","site-content-style":"unboxed","site-sidebar-style":"unboxed","ast-global-header-display":"","ast-banner-title-visibility":"","ast-main-header-display":"","ast-hfb-above-header-display":"","ast-hfb-below-header-display":"","ast-hfb-mobile-header-display":"","site-post-title":"disabled","ast-breadcrumbs-content":"","ast-featured-img":"disabled","footer-sml-layout":"","theme-transparent-header-meta":"enabled","adv-header-id-meta":"","stick-header-meta":"","header-above-stick-meta":"","header-main-stick-meta":"","header-below-stick-meta":"","astra-migrate-meta-layouts":"set","ast-page-background-enabled":"default","ast-page-background-meta":{"desktop":{"background-color":"","background-image":"","background-repeat":"repeat","background-position":"center center","background-size":"auto","background-attachment":"scroll","background-type":"","background-media":"","overlay-type":"","overlay-color":"","overlay-opacity":"","overlay-gradient":""},"tablet":{"background-color":"","background-image":"","background-repeat":"repeat","background-position":"center center","background-size":"auto","background-attachment":"scroll","background-type":"","background-media":"","overlay-type":"","overlay-color":"","overlay-opacity":"","overlay-gradient":""},"mobile":{"background-color":"","background-image":"","background-repeat":"repeat","background-position":"center center","background-size":"auto","background-attachment":"scroll","background-type":"","background-media":"","overlay-type":"","overlay-color":"","overlay-opacity":"","overlay-gradient":""}},"ast-content-background-meta":{"desktop":{"background-color":"var(--ast-global-color-5)","background-image":"","background-repeat":"repeat","background-position":"center center","background-size":"auto","background-attachment":"scroll","background-type":"","background-media":"","overlay-type":"","overlay-color":"","overlay-opacity":"","overlay-gradient":""},"tablet":{"background-color":"var(--ast-global-color-5)","background-image":"","background-repeat":"repeat","background-position":"center center","background-size":"auto","background-attachment":"scroll","background-type":"","background-media":"","overlay-type":"","overlay-color":"","overlay-opacity":"","overlay-gradient":""},"mobile":{"background-color":"var(--ast-global-color-5)","background-image":"","background-repeat":"repeat","background-position":"center center","background-size":"auto","background-attachment":"scroll","background-type":"","background-media":"","overlay-type":"","overlay-color":"","overlay-opacity":"","overlay-gradient":""}},"footnotes":""},"class_list":["post-691","page","type-page","status-publish","hentry"],"_links":{"self":[{"href":"https:\/\/monapiano.com\/de\/wp-json\/wp\/v2\/pages\/691","targetHints":{"allow":["GET"]}}],"collection":[{"href":"https:\/\/monapiano.com\/de\/wp-json\/wp\/v2\/pages"}],"about":[{"href":"https:\/\/monapiano.com\/de\/wp-json\/wp\/v2\/types\/page"}],"author":[{"embeddable":true,"href":"https:\/\/monapiano.com\/de\/wp-json\/wp\/v2\/users\/1"}],"replies":[{"embeddable":true,"href":"https:\/\/monapiano.com\/de\/wp-json\/wp\/v2\/comments?post=691"}],"version-history":[{"count":137,"href":"https:\/\/monapiano.com\/de\/wp-json\/wp\/v2\/pages\/691\/revisions"}],"predecessor-version":[{"id":1942,"href":"https:\/\/monapiano.com\/de\/wp-json\/wp\/v2\/pages\/691\/revisions\/1942"}],"wp:attachment":[{"href":"https:\/\/monapiano.com\/de\/wp-json\/wp\/v2\/media?parent=691"}],"curies":[{"name":"wp","href":"https:\/\/api.w.org\/{rel}","templated":true}]}}