{"id":581,"date":"2025-07-07T20:56:37","date_gmt":"2025-07-07T20:56:37","guid":{"rendered":"https:\/\/monapiano.com\/about\/"},"modified":"2026-01-28T10:21:30","modified_gmt":"2026-01-28T10:21:30","slug":"cv","status":"publish","type":"page","link":"https:\/\/monapiano.com\/de\/cv\/","title":{"rendered":"Lebenslauf"},"content":{"rendered":"<div data-elementor-type=\"wp-page\" data-elementor-id=\"581\" class=\"elementor elementor-581\">\n\t\t\t\t<div class=\"elementor-element elementor-element-42d3f12 e-flex e-con-boxed e-con e-parent\" data-id=\"42d3f12\" data-element_type=\"container\" data-settings=\"{&quot;background_background&quot;:&quot;classic&quot;}\">\n\t\t\t\t\t<div class=\"e-con-inner\">\n\t\t<div class=\"elementor-element elementor-element-2aed743 e-con-full e-flex e-con e-child\" data-id=\"2aed743\" data-element_type=\"container\" data-settings=\"{&quot;background_background&quot;:&quot;classic&quot;}\">\n\t\t\t\t<div class=\"elementor-element elementor-element-22d410a elementor-widget elementor-widget-heading\" data-id=\"22d410a\" data-element_type=\"widget\" data-widget_type=\"heading.default\">\n\t\t\t\t\t<h1 class=\"elementor-heading-title elementor-size-default\">Lebenslauf<\/h1>\t\t\t\t<\/div>\n\t\t\t\t<div class=\"elementor-element elementor-element-aba7633 elementor-widget__width-auto elementor-widget elementor-widget-heading\" data-id=\"aba7633\" data-element_type=\"widget\" data-widget_type=\"heading.default\">\n\t\t\t\t\t<h6 class=\"elementor-heading-title elementor-size-default\">Die Geschichte von<\/h6>\t\t\t\t<\/div>\n\t\t\t\t<div class=\"elementor-element elementor-element-871f127 elementor-widget elementor-widget-heading\" data-id=\"871f127\" data-element_type=\"widget\" data-widget_type=\"heading.default\">\n\t\t\t\t\t<h2 class=\"elementor-heading-title elementor-size-default\">MONA<\/h2>\t\t\t\t<\/div>\n\t\t\t\t<div class=\"elementor-element elementor-element-2a87d60 elementor-widget elementor-widget-text-editor\" data-id=\"2a87d60\" data-element_type=\"widget\" data-widget_type=\"text-editor.default\">\n\t\t\t\t\t\t\t\t\t<p>MONA ist eine preisgekr\u00f6nte klassische Pianistin, die ihre Zuh\u00f6rer mit ihrem warmen, ausdrucksstarken Spiel und ihrem nat\u00fcrlichen Sinn f\u00fcr Geschichten fesselt. Ihre Auftritte beeindrucken nicht nur musikalisch, sondern auch durch ihre herzliche und inspirierende Kommunikation, wodurch jedes Konzert zu einem unvergesslichen Erlebnis wird.<\/p>\t\t\t\t\t\t\t\t<\/div>\n\t\t\t\t<div class=\"elementor-element elementor-element-eda13a8 elementor-widget elementor-widget-text-editor\" data-id=\"eda13a8\" data-element_type=\"widget\" data-widget_type=\"text-editor.default\">\n\t\t\t\t\t\t\t\t\t<p>Mit einem breit gef\u00e4cherten Repertoire von Bach bis zu zeitgen\u00f6ssischen Komponisten und einer Erfolgsbilanz bei internationalen Wettbewerben ist MONA eine vielseitige Musikerin mit einer Mission: die n\u00e4chste Generation zu inspirieren und den Menschen zu zeigen, wie kraftvoll und bewegend Musik sein kann. Durch erz\u00e4hlerische und herzliche Auftritte m\u00f6chte sie Musik f\u00fcr alle Zuh\u00f6rer zug\u00e4nglich, nachvollziehbar und zutiefst bedeutungsvoll machen.<\/p>\t\t\t\t\t\t\t\t<\/div>\n\t\t\t\t<\/div>\n\t\t<div class=\"elementor-element elementor-element-695c9bd e-con-full e-flex e-con e-child\" data-id=\"695c9bd\" data-element_type=\"container\">\n\t\t\t\t<div class=\"elementor-element elementor-element-a8190fd elementor-widget elementor-widget-image\" data-id=\"a8190fd\" data-element_type=\"widget\" data-widget_type=\"image.default\">\n\t\t\t\t\t\t\t\t\t\t\t\t\t\t\t<img fetchpriority=\"high\" decoding=\"async\" width=\"1707\" height=\"1870\" src=\"https:\/\/monapiano.com\/wp-content\/uploads\/2025\/07\/76c1f1aa-1262-4892-a932-a7b32ee36bf5-scaled-e1751982093420.jpg\" class=\"attachment-full size-full wp-image-1101\" alt=\"76c1f1aa 1262 4892 A932 A7b32ee36bf5 Scaled E1751982093420\" srcset=\"https:\/\/monapiano.com\/wp-content\/uploads\/2025\/07\/76c1f1aa-1262-4892-a932-a7b32ee36bf5-scaled-e1751982093420.jpg 1707w, https:\/\/monapiano.com\/wp-content\/uploads\/2025\/07\/76c1f1aa-1262-4892-a932-a7b32ee36bf5-scaled-e1751982093420-274x300.jpg 274w, https:\/\/monapiano.com\/wp-content\/uploads\/2025\/07\/76c1f1aa-1262-4892-a932-a7b32ee36bf5-scaled-e1751982093420-935x1024.jpg 935w, https:\/\/monapiano.com\/wp-content\/uploads\/2025\/07\/76c1f1aa-1262-4892-a932-a7b32ee36bf5-scaled-e1751982093420-768x841.jpg 768w, https:\/\/monapiano.com\/wp-content\/uploads\/2025\/07\/76c1f1aa-1262-4892-a932-a7b32ee36bf5-scaled-e1751982093420-1402x1536.jpg 1402w\" sizes=\"(max-width: 1707px) 100vw, 1707px\" title=\"Lebenslauf\">\t\t\t\t\t\t\t\t\t\t\t\t\t\t\t<\/div>\n\t\t\t\t<\/div>\n\t\t\t\t\t<\/div>\n\t\t\t\t<\/div>\n\t\t<div class=\"elementor-element elementor-element-26adc80 e-flex e-con-boxed e-con e-parent\" data-id=\"26adc80\" data-element_type=\"container\" data-settings=\"{&quot;background_background&quot;:&quot;classic&quot;}\">\n\t\t\t\t\t<div class=\"e-con-inner\">\n\t\t<div class=\"elementor-element elementor-element-150d638 e-flex e-con-boxed e-con e-child\" data-id=\"150d638\" data-element_type=\"container\">\n\t\t\t\t\t<div class=\"e-con-inner\">\n\t\t\t\t<div class=\"elementor-element elementor-element-cf4e3b4 elementor-icon-list--layout-traditional elementor-list-item-link-full_width elementor-widget elementor-widget-icon-list\" data-id=\"cf4e3b4\" data-element_type=\"widget\" data-widget_type=\"icon-list.default\">\n\t\t\t\t\t\t\t<ul class=\"elementor-icon-list-items\">\n\t\t\t\t\t\t\t<li class=\"elementor-icon-list-item\">\n\t\t\t\t\t\t\t\t\t\t\t<span class=\"elementor-icon-list-icon\">\n\t\t\t\t\t\t\t<svg aria-hidden=\"true\" class=\"e-font-icon-svg e-fas-caret-right\" viewbox=\"0 0 192 512\" xmlns=\"http:\/\/www.w3.org\/2000\/svg\"><path d=\"M0 384.662V127.338c0-17.818 21.543-26.741 34.142-14.142l128.662 128.662c7.81 7.81 7.81 20.474 0 28.284L34.142 398.804C21.543 411.404 0 402.48 0 384.662z\"><\/path><\/svg>\t\t\t\t\t\t<\/span>\n\t\t\t\t\t\t\t\t\t\t<span class=\"elementor-icon-list-text\">AUSBILDUNG<\/span>\n\t\t\t\t\t\t\t\t\t<\/li>\n\t\t\t\t\t\t<\/ul>\n\t\t\t\t\t\t<\/div>\n\t\t\t\t<div class=\"elementor-element elementor-element-39c28b6 elementor-widget__width-inherit elementor-widget elementor-widget-text-editor\" data-id=\"39c28b6\" data-element_type=\"widget\" data-widget_type=\"text-editor.default\">\n\t\t\t\t\t\t\t\t\t<p><strong>Okt 2025 \u2013 Sep 2027<br \/>Hochschule f\u00fcr Musik und Tanz K\u00f6ln<span class=\"s1\">\u00a0\/ Aachen<br \/><\/span><\/strong><em>Master of Music, Klavier<br \/><\/em><span style=\"font-size: 16px;\"><br \/><strong>Okt 2021 \u2013 Sep 2025<\/strong><\/span><em><br \/><\/em><strong>Hochschule f\u00fcr Musik und Tanz K\u00f6ln<\/strong><span class=\"s1\"><strong>\u00a0\/ Aachen<\/strong><br \/><\/span><em>Bachelor of Music, Klavier<\/em><br \/>Abschlussnote: 1,0<\/p><p><strong>Aug 2019 \u2013 Mai 2021<br \/>International School on the Rhine (ISR) <\/strong><span class=\"s1\"><strong>Neuss<\/strong><br \/><\/span><em>International Baccalaureate Diploma (IB)\u00a0<\/em><br \/>Note: 43\/45 (Abiturnote 1,0)<\/p>\t\t\t\t\t\t\t\t<\/div>\n\t\t\t\t<div class=\"elementor-element elementor-element-412bf61 elementor-icon-list--layout-traditional elementor-list-item-link-full_width elementor-widget elementor-widget-icon-list\" data-id=\"412bf61\" data-element_type=\"widget\" data-widget_type=\"icon-list.default\">\n\t\t\t\t\t\t\t<ul class=\"elementor-icon-list-items\">\n\t\t\t\t\t\t\t<li class=\"elementor-icon-list-item\">\n\t\t\t\t\t\t\t\t\t\t\t<span class=\"elementor-icon-list-icon\">\n\t\t\t\t\t\t\t<svg aria-hidden=\"true\" class=\"e-font-icon-svg e-fas-caret-right\" viewbox=\"0 0 192 512\" xmlns=\"http:\/\/www.w3.org\/2000\/svg\"><path d=\"M0 384.662V127.338c0-17.818 21.543-26.741 34.142-14.142l128.662 128.662c7.81 7.81 7.81 20.474 0 28.284L34.142 398.804C21.543 411.404 0 402.48 0 384.662z\"><\/path><\/svg>\t\t\t\t\t\t<\/span>\n\t\t\t\t\t\t\t\t\t\t<span class=\"elementor-icon-list-text\">MUSIKALISCHE LEISTUNGEN<\/span>\n\t\t\t\t\t\t\t\t\t<\/li>\n\t\t\t\t\t\t<\/ul>\n\t\t\t\t\t\t<\/div>\n\t\t\t\t<div class=\"elementor-element elementor-element-20fd9ed elementor-widget elementor-widget-text-editor\" data-id=\"20fd9ed\" data-element_type=\"widget\" data-widget_type=\"text-editor.default\">\n\t\t\t\t\t\t\t\t\t<p class=\"p1\">&#8211; 16. Medenus-Klavierfestival 2025 <span class=\"s1\">&#8211; 1<\/span>. Preis<br \/>&#8211; Brigitte-Kempen-Wettbewerb 2023 <span class=\"s1\">Aachen &#8211; <\/span>2. Preis<br \/>&#8211; 4th L\u00e0szl\u00f2 Spezzaferri International Music Competition <span class=\"s1\">Online 2022 &#8211; <\/span>1. Preis (99\/100 Punkte)<br \/>&#8211; Musica Goritiensis 2. International Music Competition <span class=\"s1\">Gorizia (Italien) 2022 \u2013 <\/span>1. Preis<br \/>&#8211; International Piano Competition MozARTe <span class=\"s1\">Aachen 2020 &#8211; <\/span>1. Preis<br \/>\u2013 WESPE-Musikwettbewerb 2020 \u2013 Auszeichnung f\u00fcr die beste Interpretation von Klavierwerken P. Hindemiths, Harald-Genzmer-Stiftungspreis<br \/>&#8211; 17. Westf\u00e4lischer van Bremen Klavierwettbewerb <span class=\"s1\">Dortmund 2019 &#8211; <\/span>1. Preis<br \/>&#8211; 7\u00b0 Concorso Internazionale di Esecuzione Musicale Pianoforte Citt\u00e0 di Penne <span class=\"s1\">Penne (Italien) 2018 \u2013 <\/span>1. Preis &amp; Romantik-Sonderpreis<br \/>&#8211; 55. Bundeswettbewerb Jugend Musiziert <span class=\"s1\">L\u00fcbeck 2018 &#8211; <\/span>1. Preis (25\/25 Punkte) &amp; Preistr\u00e4gerkonzert in der K\u00f6lner Philharmonie<\/p>\t\t\t\t\t\t\t\t<\/div>\n\t\t\t\t<div class=\"elementor-element elementor-element-1baac34 elementor-icon-list--layout-traditional elementor-list-item-link-full_width elementor-widget elementor-widget-icon-list\" data-id=\"1baac34\" data-element_type=\"widget\" data-widget_type=\"icon-list.default\">\n\t\t\t\t\t\t\t<ul class=\"elementor-icon-list-items\">\n\t\t\t\t\t\t\t<li class=\"elementor-icon-list-item\">\n\t\t\t\t\t\t\t\t\t\t\t<span class=\"elementor-icon-list-icon\">\n\t\t\t\t\t\t\t<svg aria-hidden=\"true\" class=\"e-font-icon-svg e-fas-caret-right\" viewbox=\"0 0 192 512\" xmlns=\"http:\/\/www.w3.org\/2000\/svg\"><path d=\"M0 384.662V127.338c0-17.818 21.543-26.741 34.142-14.142l128.662 128.662c7.81 7.81 7.81 20.474 0 28.284L34.142 398.804C21.543 411.404 0 402.48 0 384.662z\"><\/path><\/svg>\t\t\t\t\t\t<\/span>\n\t\t\t\t\t\t\t\t\t\t<span class=\"elementor-icon-list-text\">STIPENDIEN<\/span>\n\t\t\t\t\t\t\t\t\t<\/li>\n\t\t\t\t\t\t<\/ul>\n\t\t\t\t\t\t<\/div>\n\t\t\t\t<div class=\"elementor-element elementor-element-d1371b9 elementor-widget elementor-widget-text-editor\" data-id=\"d1371b9\" data-element_type=\"widget\" data-widget_type=\"text-editor.default\">\n\t\t\t\t\t\t\t\t\t<p>2025\u20132026 Werner Richard \u2013 Dr. Carl D\u00f6rken Stiftung: Pianist der Best of NRW-Konzertreihe<br aria-hidden=\"true\" \/>2024\u20132025 Werner Richard \u2013 Dr. Carl D\u00f6rken Stiftung: Kammermusikstipendium gemeinsam mit Evelyn Gr\u00fcnwald (Sopran)<\/p>\t\t\t\t\t\t\t\t<\/div>\n\t\t\t\t<div class=\"elementor-element elementor-element-8d38f8f elementor-icon-list--layout-traditional elementor-list-item-link-full_width elementor-widget elementor-widget-icon-list\" data-id=\"8d38f8f\" data-element_type=\"widget\" data-widget_type=\"icon-list.default\">\n\t\t\t\t\t\t\t<ul class=\"elementor-icon-list-items\">\n\t\t\t\t\t\t\t<li class=\"elementor-icon-list-item\">\n\t\t\t\t\t\t\t\t\t\t\t<span class=\"elementor-icon-list-icon\">\n\t\t\t\t\t\t\t<svg aria-hidden=\"true\" class=\"e-font-icon-svg e-fas-caret-right\" viewbox=\"0 0 192 512\" xmlns=\"http:\/\/www.w3.org\/2000\/svg\"><path d=\"M0 384.662V127.338c0-17.818 21.543-26.741 34.142-14.142l128.662 128.662c7.81 7.81 7.81 20.474 0 28.284L34.142 398.804C21.543 411.404 0 402.48 0 384.662z\"><\/path><\/svg>\t\t\t\t\t\t<\/span>\n\t\t\t\t\t\t\t\t\t\t<span class=\"elementor-icon-list-text\">PERFORMANCE-HIGHLIGHTS<\/span>\n\t\t\t\t\t\t\t\t\t<\/li>\n\t\t\t\t\t\t<\/ul>\n\t\t\t\t\t\t<\/div>\n\t\t\t\t<div class=\"elementor-element elementor-element-dd7927d elementor-widget elementor-widget-text-editor\" data-id=\"dd7927d\" data-element_type=\"widget\" data-widget_type=\"text-editor.default\">\n\t\t\t\t\t\t\t\t\t<p data-start=\"152\" data-end=\"191\">\u2013 Best of NRW-Konzerttournee 25\/26: 10 Konzertorte in <em>NRW, Deutschland<\/em><br \/>&#8211; Erholungsgesellschaft, <em>Aachen, Deutschland<\/em><br \/>&#8211; Schloss Eulenbroich, <em>R\u00f6srath, Deutschland<\/em><br \/>&#8211; K\u00f6lner Philharmonie, <em>K\u00f6ln, Deutschland<\/em><br \/>&#8211; Klavier-Festival Ruhr \u2013 UNESCO-Welterbe Zollverein, <em>Essen, Deutschland<\/em><br \/>&#8211; B\u00f6sendorfersaal, Universit\u00e4t Mozarteum, <em>Salzburg, \u00d6sterreich<\/em><br \/>&#8211; Katholische Kirche St. Bernhard, <em>Gravenhorst, Deutschland<\/em><br \/>&#8211; Kloster Maria Rast, <em>Aachen, Deutschland<\/em><br \/>&#8211; Schloss Liberm\u00e9 (Ch\u00e2teau Liberm\u00e9), <em>Eupen, Belgien<\/em><br \/>&#8211; Kulturni center Lojze Bratu\u017e (Lojze Bratu\u017e Cultural Centre), <em>Gorizia, Italien<\/em><\/p>\t\t\t\t\t\t\t\t<\/div>\n\t\t\t\t<div class=\"elementor-element elementor-element-aa32fc4 elementor-icon-list--layout-traditional elementor-list-item-link-full_width elementor-widget elementor-widget-icon-list\" data-id=\"aa32fc4\" data-element_type=\"widget\" data-widget_type=\"icon-list.default\">\n\t\t\t\t\t\t\t<ul class=\"elementor-icon-list-items\">\n\t\t\t\t\t\t\t<li class=\"elementor-icon-list-item\">\n\t\t\t\t\t\t\t\t\t\t\t<span class=\"elementor-icon-list-icon\">\n\t\t\t\t\t\t\t<svg aria-hidden=\"true\" class=\"e-font-icon-svg e-fas-caret-right\" viewbox=\"0 0 192 512\" xmlns=\"http:\/\/www.w3.org\/2000\/svg\"><path d=\"M0 384.662V127.338c0-17.818 21.543-26.741 34.142-14.142l128.662 128.662c7.81 7.81 7.81 20.474 0 28.284L34.142 398.804C21.543 411.404 0 402.48 0 384.662z\"><\/path><\/svg>\t\t\t\t\t\t<\/span>\n\t\t\t\t\t\t\t\t\t\t<span class=\"elementor-icon-list-text\">SOZIALES ENGAGEMENT<\/span>\n\t\t\t\t\t\t\t\t\t<\/li>\n\t\t\t\t\t\t<\/ul>\n\t\t\t\t\t\t<\/div>\n\t\t\t\t<div class=\"elementor-element elementor-element-f67d3b7 elementor-widget elementor-widget-text-editor\" data-id=\"f67d3b7\" data-element_type=\"widget\" data-widget_type=\"text-editor.default\">\n\t\t\t\t\t\t\t\t\t<p><strong>Seit Okt 2023<br \/>Yehudi Menuhin Live Music Now K\u00f6ln e.V.<br \/><\/strong><em>Mitglied, Pianistin<\/em><br \/>Auftritte als Solist und im Duo f\u00fcr verschiedene Personen mit besonderem sozialem und medizinischem Hintergrund (sozial benachteiligte Studenten, Pflegeheime, Gemeindeh\u00e4user)<br \/><br \/><strong>Seit Sep 2023<\/strong><br \/><strong>MozArte e.V.<\/strong><br aria-hidden=\"true\" \/><em>Vorstandsmitglied, Festival K\u00fcnstlerin<\/em><\/p><p><strong>Seit Okt 2022<br \/>GradTutor\u00ae<br \/><\/strong><em>Mitgr\u00fcnder, Gesch\u00e4ftsf\u00fchrer<br \/><\/em>- Derzeitiger Betrieb der Tutoring-Plattform <em>gradtutor.net<\/em>, die &gt;190 Nachhilfestunden pro Monat vermittelt<br \/>\u2013 Mobilisierung eines Teams von mehr als 60 Alumni, die als Tutoren f\u00fcr Sch\u00fcler der Klassen 5-12 t\u00e4tig sind<br \/>- Aufbau von 5 Partnerschaften mit internationalen Schulen<\/p>\t\t\t\t\t\t\t\t<\/div>\n\t\t\t\t<div class=\"elementor-element elementor-element-dbf27a3 elementor-icon-list--layout-traditional elementor-list-item-link-full_width elementor-widget elementor-widget-icon-list\" data-id=\"dbf27a3\" data-element_type=\"widget\" data-widget_type=\"icon-list.default\">\n\t\t\t\t\t\t\t<ul class=\"elementor-icon-list-items\">\n\t\t\t\t\t\t\t<li class=\"elementor-icon-list-item\">\n\t\t\t\t\t\t\t\t\t\t\t<span class=\"elementor-icon-list-icon\">\n\t\t\t\t\t\t\t<svg aria-hidden=\"true\" class=\"e-font-icon-svg e-fas-caret-right\" viewbox=\"0 0 192 512\" xmlns=\"http:\/\/www.w3.org\/2000\/svg\"><path d=\"M0 384.662V127.338c0-17.818 21.543-26.741 34.142-14.142l128.662 128.662c7.81 7.81 7.81 20.474 0 28.284L34.142 398.804C21.543 411.404 0 402.48 0 384.662z\"><\/path><\/svg>\t\t\t\t\t\t<\/span>\n\t\t\t\t\t\t\t\t\t\t<span class=\"elementor-icon-list-text\">SKILLS &amp; INTERESTS<\/span>\n\t\t\t\t\t\t\t\t\t<\/li>\n\t\t\t\t\t\t<\/ul>\n\t\t\t\t\t\t<\/div>\n\t\t\t\t<div class=\"elementor-element elementor-element-56f7051 elementor-widget elementor-widget-text-editor\" data-id=\"56f7051\" data-element_type=\"widget\" data-widget_type=\"text-editor.default\">\n\t\t\t\t\t\t\t\t\t<p><b>Sprachen:<br \/><\/b>Englisch \u2013 Muttersprache<br \/>Deutsch \u2013 C1<br \/><span style=\"font-size: 16px;\" aria-hidden=\"true\">Japanisch \u2013 <\/span><span class=\"t-14 t-normal t-black--light\"><span class=\"pvs-entity__caption-wrapper\" aria-hidden=\"true\">Muttersprache<\/span><\/span><b><br \/><\/b><\/p>\t\t\t\t\t\t\t\t<\/div>\n\t\t\t\t\t<\/div>\n\t\t\t\t<\/div>\n\t\t\t\t\t<\/div>\n\t\t\t\t<\/div>\n\t\t\t\t<\/div>","protected":false},"excerpt":{"rendered":"<p>Curriculum Vitae The story of MONA MONA is an award-winning classical pianist who draws listeners in with her warm, expressive playing and natural sense of storytelling. Her performances impress not only musically, but also through her heartfelt and inspiring communication, making each concert an unforgettable experience. With a wide-ranging repertoire from Bach to today\u2019s composers [&hellip;]<\/p>","protected":false},"author":1,"featured_media":0,"parent":0,"menu_order":0,"comment_status":"closed","ping_status":"closed","template":"elementor_header_footer","meta":{"site-sidebar-layout":"no-sidebar","site-content-layout":"page-builder","ast-site-content-layout":"full-width-container","site-content-style":"unboxed","site-sidebar-style":"unboxed","ast-global-header-display":"","ast-banner-title-visibility":"","ast-main-header-display":"","ast-hfb-above-header-display":"","ast-hfb-below-header-display":"","ast-hfb-mobile-header-display":"","site-post-title":"disabled","ast-breadcrumbs-content":"","ast-featured-img":"disabled","footer-sml-layout":"","theme-transparent-header-meta":"enabled","adv-header-id-meta":"","stick-header-meta":"","header-above-stick-meta":"","header-main-stick-meta":"","header-below-stick-meta":"","astra-migrate-meta-layouts":"set","ast-page-background-enabled":"default","ast-page-background-meta":{"desktop":{"background-color":"","background-image":"","background-repeat":"repeat","background-position":"center center","background-size":"auto","background-attachment":"scroll","background-type":"","background-media":"","overlay-type":"","overlay-color":"","overlay-opacity":"","overlay-gradient":""},"tablet":{"background-color":"","background-image":"","background-repeat":"repeat","background-position":"center center","background-size":"auto","background-attachment":"scroll","background-type":"","background-media":"","overlay-type":"","overlay-color":"","overlay-opacity":"","overlay-gradient":""},"mobile":{"background-color":"","background-image":"","background-repeat":"repeat","background-position":"center center","background-size":"auto","background-attachment":"scroll","background-type":"","background-media":"","overlay-type":"","overlay-color":"","overlay-opacity":"","overlay-gradient":""}},"ast-content-background-meta":{"desktop":{"background-color":"var(--ast-global-color-5)","background-image":"","background-repeat":"repeat","background-position":"center center","background-size":"auto","background-attachment":"scroll","background-type":"","background-media":"","overlay-type":"","overlay-color":"","overlay-opacity":"","overlay-gradient":""},"tablet":{"background-color":"var(--ast-global-color-5)","background-image":"","background-repeat":"repeat","background-position":"center center","background-size":"auto","background-attachment":"scroll","background-type":"","background-media":"","overlay-type":"","overlay-color":"","overlay-opacity":"","overlay-gradient":""},"mobile":{"background-color":"var(--ast-global-color-5)","background-image":"","background-repeat":"repeat","background-position":"center center","background-size":"auto","background-attachment":"scroll","background-type":"","background-media":"","overlay-type":"","overlay-color":"","overlay-opacity":"","overlay-gradient":""}},"footnotes":""},"class_list":["post-581","page","type-page","status-publish","hentry"],"_links":{"self":[{"href":"https:\/\/monapiano.com\/de\/wp-json\/wp\/v2\/pages\/581","targetHints":{"allow":["GET"]}}],"collection":[{"href":"https:\/\/monapiano.com\/de\/wp-json\/wp\/v2\/pages"}],"about":[{"href":"https:\/\/monapiano.com\/de\/wp-json\/wp\/v2\/types\/page"}],"author":[{"embeddable":true,"href":"https:\/\/monapiano.com\/de\/wp-json\/wp\/v2\/users\/1"}],"replies":[{"embeddable":true,"href":"https:\/\/monapiano.com\/de\/wp-json\/wp\/v2\/comments?post=581"}],"version-history":[{"count":222,"href":"https:\/\/monapiano.com\/de\/wp-json\/wp\/v2\/pages\/581\/revisions"}],"predecessor-version":[{"id":2068,"href":"https:\/\/monapiano.com\/de\/wp-json\/wp\/v2\/pages\/581\/revisions\/2068"}],"wp:attachment":[{"href":"https:\/\/monapiano.com\/de\/wp-json\/wp\/v2\/media?parent=581"}],"curies":[{"name":"wp","href":"https:\/\/api.w.org\/{rel}","templated":true}]}}