{"id":1351,"date":"2025-07-10T09:51:10","date_gmt":"2025-07-10T09:51:10","guid":{"rendered":"https:\/\/monapiano.com\/?page_id=1351"},"modified":"2026-01-28T11:13:00","modified_gmt":"2026-01-28T11:13:00","slug":"why-storytelling","status":"publish","type":"page","link":"https:\/\/monapiano.com\/de\/why-storytelling\/","title":{"rendered":"Warum Geschichtenerz\u00e4hlen?"},"content":{"rendered":"<div data-elementor-type=\"wp-page\" data-elementor-id=\"1351\" class=\"elementor elementor-1351\">\n\t\t\t\t<div class=\"elementor-element elementor-element-9c88179 e-flex e-con-boxed e-con e-parent\" data-id=\"9c88179\" data-element_type=\"container\" data-settings=\"{&quot;background_background&quot;:&quot;classic&quot;}\">\n\t\t\t\t\t<div class=\"e-con-inner\">\n\t\t\t\t<div class=\"elementor-element elementor-element-d2e9caf elementor-widget elementor-widget-heading\" data-id=\"d2e9caf\" data-element_type=\"widget\" data-widget_type=\"heading.default\">\n\t\t\t\t\t<h1 class=\"elementor-heading-title elementor-size-default\">Warum Geschichtenerz\u00e4hlen?<\/h1>\t\t\t\t<\/div>\n\t\t<div class=\"elementor-element elementor-element-d5457d4 e-con-full e-flex e-con e-child\" data-id=\"d5457d4\" data-element_type=\"container\">\n\t\t<div class=\"elementor-element elementor-element-b5eaaf5 e-con-full e-flex e-con e-child\" data-id=\"b5eaaf5\" data-element_type=\"container\">\n\t\t\t\t<div class=\"elementor-element elementor-element-3b6de00 elementor-widget elementor-widget-image\" data-id=\"3b6de00\" data-element_type=\"widget\" data-widget_type=\"image.default\">\n\t\t\t\t\t\t\t\t\t\t\t\t\t\t\t<img fetchpriority=\"high\" decoding=\"async\" width=\"655\" height=\"799\" src=\"https:\/\/monapiano.com\/wp-content\/uploads\/2025\/10\/a33515f3-762c-4051-aa1f-971786060764.png\" class=\"attachment-large size-large wp-image-1998\" alt=\"A33515f3 762c 4051 Aa1f 971786060764\" srcset=\"https:\/\/monapiano.com\/wp-content\/uploads\/2025\/10\/a33515f3-762c-4051-aa1f-971786060764.png 655w, https:\/\/monapiano.com\/wp-content\/uploads\/2025\/10\/a33515f3-762c-4051-aa1f-971786060764-246x300.png 246w, https:\/\/monapiano.com\/wp-content\/uploads\/2025\/10\/a33515f3-762c-4051-aa1f-971786060764-10x12.png 10w\" sizes=\"(max-width: 655px) 100vw, 655px\" title=\"Warum Geschichtenerz\u00e4hlen?\">\t\t\t\t\t\t\t\t\t\t\t\t\t\t\t<\/div>\n\t\t\t\t<\/div>\n\t\t<div class=\"elementor-element elementor-element-226635f e-con-full e-flex e-con e-child\" data-id=\"226635f\" data-element_type=\"container\">\n\t\t\t\t<div class=\"elementor-element elementor-element-64a3f3f elementor-widget elementor-widget-text-editor\" data-id=\"64a3f3f\" data-element_type=\"widget\" data-widget_type=\"text-editor.default\">\n\t\t\t\t\t\t\t\t\t<p style=\"font-weight: 400;\">Bei den vielen Konzerten, die ich gespielt habe, ist mir oft aufgefallen, dass ein gro\u00dfer Teil des Publikums eher \u00e4lter ist und sich seit langem mit klassischer Musik auskennt. Die Konzertveranstalter, mit denen ich gesprochen habe, w\u00fcrden gerne j\u00fcngere oder neue Klassikh\u00f6rer in ihrem Publikum begr\u00fc\u00dfen, aber die Nachfrage ist einfach nicht da. Klassische Musik ist kraftvoll, aber f\u00fcr viele Menschen wirkt sie distanziert und schwer zug\u00e4nglich. Deshalb habe ich es mir zur Aufgabe gemacht, diese L\u00fccke zu schlie\u00dfen: <strong>Klassische Musik zug\u00e4nglicher machen<\/strong>. Sowohl f\u00fcr die j\u00fcngere Generation als auch f\u00fcr Menschen, die noch nie freiwillig klassische Musik geh\u00f6rt haben.<br \/><br \/>Wie? <em>Geschichtenerz\u00e4hlen<\/em>. <br \/>Das Erz\u00e4hlen von Geschichten schafft einen vertrauten Zugang zum Erleben von Musik. Wenn Zuh\u00f6rer sich mit der Erz\u00e4hlung identifizieren und sich darin wiederfinden k\u00f6nnen, wird sie zu einer Reise, der sie folgen k\u00f6nnen, zu einer Stimmung, die sie wiedererkennen, zu einem Moment, der ihnen geh\u00f6rt.<\/p>\t\t\t\t\t\t\t\t<\/div>\n\t\t\t\t<\/div>\n\t\t\t\t<\/div>\n\t\t\t\t\t<\/div>\n\t\t\t\t<\/div>\n\t\t<div class=\"elementor-element elementor-element-8908464 e-flex e-con-boxed e-con e-parent\" data-id=\"8908464\" data-element_type=\"container\">\n\t\t\t\t\t<div class=\"e-con-inner\">\n\t\t<div class=\"elementor-element elementor-element-1c10f03 e-con-full e-flex e-con e-child\" data-id=\"1c10f03\" data-element_type=\"container\">\n\t\t\t\t<div class=\"elementor-element elementor-element-ff1f9d5 elementor-widget elementor-widget-testimonial\" data-id=\"ff1f9d5\" data-element_type=\"widget\" data-widget_type=\"testimonial.default\">\n\t\t\t\t\t\t\t<div class=\"elementor-testimonial-wrapper\">\n\t\t\t\t\t\t\t<div class=\"elementor-testimonial-content\">Mona Kuribayashi beeindruckt nicht nur mit ihren herausragenden pianistischen F\u00e4higkeiten, sondern versteht es auch, ihr Publikum zu fesseln. Sie erz\u00e4hlt von den Werken, die sie spielt, und sinniert \u00fcber die Musik, die uns Menschen verbindet und tief ber\u00fchrt.<\/div>\n\t\t\t\n\t\t\t\t\t\t<div class=\"elementor-testimonial-meta\">\n\t\t\t\t<div class=\"elementor-testimonial-meta-inner\">\n\t\t\t\t\t\n\t\t\t\t\t\t\t\t\t\t<div class=\"elementor-testimonial-details\">\n\t\t\t\t\t\t\t\t\t\t\t\t\t\t<div class=\"elementor-testimonial-name\">Christoph Konkulewski<\/div>\n\t\t\t\t\t\t\t\t\t\t\t\t\t\t\t\t\t\t\t\t\t\t<div class=\"elementor-testimonial-job\">Redakteur, K\u00f6lner Stadt-Anzeiger<\/div>\n\t\t\t\t\t\t\t\t\t\t\t\t\t<\/div>\n\t\t\t\t\t\t\t\t\t<\/div>\n\t\t\t<\/div>\n\t\t\t\t\t<\/div>\n\t\t\t\t\t\t<\/div>\n\t\t\t\t<div class=\"elementor-element elementor-element-318c4dd elementor-widget elementor-widget-testimonial\" data-id=\"318c4dd\" data-element_type=\"widget\" data-widget_type=\"testimonial.default\">\n\t\t\t\t\t\t\t<div class=\"elementor-testimonial-wrapper\">\n\t\t\t\t\t\t\t<div class=\"elementor-testimonial-content\">Zuerst gab es einleitende Worte und dann die passende Musik. Die Pianistin Mona Kuribayashi gab den zuh\u00f6renden Ohren nicht nur die Klassiker, sondern machte auch Naturelemente h\u00f6rbar.<\/div>\n\t\t\t\n\t\t\t\t\t\t<div class=\"elementor-testimonial-meta\">\n\t\t\t\t<div class=\"elementor-testimonial-meta-inner\">\n\t\t\t\t\t\n\t\t\t\t\t\t\t\t\t\t<div class=\"elementor-testimonial-details\">\n\t\t\t\t\t\t\t\t\t\t\t\t\t\t<div class=\"elementor-testimonial-name\">Martin Borck<\/div>\n\t\t\t\t\t\t\t\t\t\t\t\t\t\t\t\t\t\t\t\t\t\t<div class=\"elementor-testimonial-job\">Redakteur, Westf\u00e4lische Nachrichten<\/div>\n\t\t\t\t\t\t\t\t\t\t\t\t\t<\/div>\n\t\t\t\t\t\t\t\t\t<\/div>\n\t\t\t<\/div>\n\t\t\t\t\t<\/div>\n\t\t\t\t\t\t<\/div>\n\t\t\t\t<\/div>\n\t\t<div class=\"elementor-element elementor-element-285ee93 e-con-full e-flex e-con e-child\" data-id=\"285ee93\" data-element_type=\"container\">\n\t\t\t\t<div class=\"elementor-element elementor-element-3bbd6ec elementor-widget elementor-widget-heading\" data-id=\"3bbd6ec\" data-element_type=\"widget\" data-widget_type=\"heading.default\">\n\t\t\t\t\t<h1 class=\"elementor-heading-title elementor-size-default\">Wie erz\u00e4hle ich die Geschichte?<\/h1>\t\t\t\t<\/div>\n\t\t\t\t<div class=\"elementor-element elementor-element-482d30a elementor-widget-divider--view-line elementor-widget elementor-widget-divider\" data-id=\"482d30a\" data-element_type=\"widget\" data-widget_type=\"divider.default\">\n\t\t\t\t\t\t\t<div class=\"elementor-divider\">\n\t\t\t<span class=\"elementor-divider-separator\">\n\t\t\t\t\t\t<\/span>\n\t\t<\/div>\n\t\t\t\t\t\t<\/div>\n\t\t\t\t<div class=\"elementor-element elementor-element-2ec7301 elementor-widget elementor-widget-text-editor\" data-id=\"2ec7301\" data-element_type=\"widget\" data-widget_type=\"text-editor.default\">\n\t\t\t\t\t\t\t\t\t<p style=\"font-weight: 400;\">Meine Erz\u00e4hlkunst ist darauf ausgerichtet, dass sich das Publikum pers\u00f6nlich in die Darbietung einbezogen f\u00fchlt. Ich spreche die Zuschauer direkt an und greife dabei auf Erfahrungen und Emotionen zur\u00fcck, die sie aus ihrem eigenen Leben kennen.<\/p><p style=\"font-weight: 400;\">Erst nachdem ich diese Verbindung hergestellt habe, verbinde ich diese Gef\u00fchle mit der Musik. Diese einfache Verschiebung \u2013 von \u201e<em>Lass mich dir etwas \u00fcber dieses St\u00fcck beibringen<\/em>\" zu \u201e<em>Lass mich dir in diesem Werk zeigen, wer du bist.<\/em>\u201d \u2014 ver\u00e4ndert das H\u00f6rerlebnis.<br \/><br \/>Es fesselt das Publikum, macht klassische Musik f\u00fcr alle zug\u00e4nglich und verleiht Ihrer Veranstaltung einen unvergesslichen Rahmen.<\/p>\t\t\t\t\t\t\t\t<\/div>\n\t\t\t\t<\/div>\n\t\t\t\t\t<\/div>\n\t\t\t\t<\/div>\n\t\t<div class=\"elementor-element elementor-element-444dfa0 e-flex e-con-boxed e-con e-parent\" data-id=\"444dfa0\" data-element_type=\"container\" data-settings=\"{&quot;background_background&quot;:&quot;classic&quot;}\">\n\t\t\t\t\t<div class=\"e-con-inner\">\n\t\t\t\t<div class=\"elementor-element elementor-element-3aa5e9e elementor-widget elementor-widget-heading\" data-id=\"3aa5e9e\" data-element_type=\"widget\" data-widget_type=\"heading.default\">\n\t\t\t\t\t<h2 class=\"elementor-heading-title elementor-size-default\">Was ist die Auswirkung?<\/h2>\t\t\t\t<\/div>\n\t\t\t\t<div class=\"elementor-element elementor-element-b4f1088 elementor-widget__width-initial elementor-widget elementor-widget-text-editor\" data-id=\"b4f1088\" data-element_type=\"widget\" data-widget_type=\"text-editor.default\">\n\t\t\t\t\t\t\t\t\t<p style=\"font-weight: 400;\">Ein achtsamer Zustand entsteht ganz nat\u00fcrlich bei Ihrem Publikum. Sie werden langsamer. Sie h\u00f6ren anders zu. <br \/>Sie empfinden die Geschichte, den Klang und sich selbst als ein einziges kontinuierliches Erlebnis.<br \/>Der Moment wird zu einem tiefen Eintauchen in die Musik und in die pers\u00f6nliche Reflexion; er hilft ihnen, sich vom Alltagsstress zu l\u00f6sen und sich wieder mit Pr\u00e4senz, Klarheit und Emotionen zu verbinden.<\/p>\t\t\t\t\t\t\t\t<\/div>\n\t\t\t\t\t<\/div>\n\t\t\t\t<\/div>\n\t\t\t\t<\/div>","protected":false},"excerpt":{"rendered":"<p>Why Storytelling? Over the many concerts I have played, I have often noticed that a significant portion of the audience tends to be older and has long-standing familiarity with classical music. Concert organizers I have spoken to are eager to welcome younger or fresh classical music listeners to their audience, but the demand simply is [&hellip;]<\/p>","protected":false},"author":1,"featured_media":0,"parent":0,"menu_order":0,"comment_status":"closed","ping_status":"closed","template":"","meta":{"site-sidebar-layout":"no-sidebar","site-content-layout":"page-builder","ast-site-content-layout":"full-width-container","site-content-style":"unboxed","site-sidebar-style":"unboxed","ast-global-header-display":"","ast-banner-title-visibility":"","ast-main-header-display":"","ast-hfb-above-header-display":"","ast-hfb-below-header-display":"","ast-hfb-mobile-header-display":"","site-post-title":"disabled","ast-breadcrumbs-content":"","ast-featured-img":"disabled","footer-sml-layout":"","theme-transparent-header-meta":"enabled","adv-header-id-meta":"","stick-header-meta":"","header-above-stick-meta":"","header-main-stick-meta":"","header-below-stick-meta":"","astra-migrate-meta-layouts":"set","ast-page-background-enabled":"default","ast-page-background-meta":{"desktop":{"background-color":"","background-image":"","background-repeat":"repeat","background-position":"center center","background-size":"auto","background-attachment":"scroll","background-type":"","background-media":"","overlay-type":"","overlay-color":"","overlay-opacity":"","overlay-gradient":""},"tablet":{"background-color":"","background-image":"","background-repeat":"repeat","background-position":"center center","background-size":"auto","background-attachment":"scroll","background-type":"","background-media":"","overlay-type":"","overlay-color":"","overlay-opacity":"","overlay-gradient":""},"mobile":{"background-color":"","background-image":"","background-repeat":"repeat","background-position":"center center","background-size":"auto","background-attachment":"scroll","background-type":"","background-media":"","overlay-type":"","overlay-color":"","overlay-opacity":"","overlay-gradient":""}},"ast-content-background-meta":{"desktop":{"background-color":"var(--ast-global-color-5)","background-image":"","background-repeat":"repeat","background-position":"center center","background-size":"auto","background-attachment":"scroll","background-type":"","background-media":"","overlay-type":"","overlay-color":"","overlay-opacity":"","overlay-gradient":""},"tablet":{"background-color":"var(--ast-global-color-5)","background-image":"","background-repeat":"repeat","background-position":"center center","background-size":"auto","background-attachment":"scroll","background-type":"","background-media":"","overlay-type":"","overlay-color":"","overlay-opacity":"","overlay-gradient":""},"mobile":{"background-color":"var(--ast-global-color-5)","background-image":"","background-repeat":"repeat","background-position":"center center","background-size":"auto","background-attachment":"scroll","background-type":"","background-media":"","overlay-type":"","overlay-color":"","overlay-opacity":"","overlay-gradient":""}},"footnotes":""},"class_list":["post-1351","page","type-page","status-publish","hentry"],"_links":{"self":[{"href":"https:\/\/monapiano.com\/de\/wp-json\/wp\/v2\/pages\/1351","targetHints":{"allow":["GET"]}}],"collection":[{"href":"https:\/\/monapiano.com\/de\/wp-json\/wp\/v2\/pages"}],"about":[{"href":"https:\/\/monapiano.com\/de\/wp-json\/wp\/v2\/types\/page"}],"author":[{"embeddable":true,"href":"https:\/\/monapiano.com\/de\/wp-json\/wp\/v2\/users\/1"}],"replies":[{"embeddable":true,"href":"https:\/\/monapiano.com\/de\/wp-json\/wp\/v2\/comments?post=1351"}],"version-history":[{"count":135,"href":"https:\/\/monapiano.com\/de\/wp-json\/wp\/v2\/pages\/1351\/revisions"}],"predecessor-version":[{"id":2108,"href":"https:\/\/monapiano.com\/de\/wp-json\/wp\/v2\/pages\/1351\/revisions\/2108"}],"wp:attachment":[{"href":"https:\/\/monapiano.com\/de\/wp-json\/wp\/v2\/media?parent=1351"}],"curies":[{"name":"wp","href":"https:\/\/api.w.org\/{rel}","templated":true}]}}